{"id":837,"date":"2018-04-27T12:39:14","date_gmt":"2018-04-27T10:39:14","guid":{"rendered":"https:\/\/www.jazzfazz-bigband.de\/?page_id=837"},"modified":"2018-05-24T13:00:35","modified_gmt":"2018-05-24T11:00:35","slug":"datenschutzerklaerung","status":"publish","type":"page","link":"https:\/\/www.jazzfazz-bigband.de\/?page_id=837","title":{"rendered":"Datenschutzerkl\u00e4rung"},"content":{"rendered":"<p>Die Nutzung unserer Webseite ist in der Regel ohne Angabe personenbezogener Daten m\u00f6glich. Soweit auf unseren Seiten personenbezogene Daten (beispielsweise Name, Anschrift oder eMail-Adressen) erhoben werden, erfolgt dies stets auf freiwilliger Basis. Diese Daten werden ohne Ihre ausdr\u00fcckliche Zustimmung nicht an Dritte weitergegeben.<\/p>\n<p>Wir weisen darauf hin, dass die Daten\u00fcbertragung im Internet (z.B. bei der Kommunikation per E-Mail) Sicherheitsl\u00fccken aufweisen kann. Ein l\u00fcckenloser Schutz der Daten vor dem Zugriff durch Dritte ist nicht m\u00f6glich.<\/p>\n<p><strong>Server-Logs<br \/>\n<\/strong>Der Internet Presence Provider dieser Seiten speichert automatisch Informationen \u00fcber Ihren Besuch der Website in so genannten Server-Log Files. Beim Aufruf einer Seite und deren verkn\u00fcpften Dateien (Bilder,etc.) des Angebots werden jeweils:<\/p>\n<p>die Uhrzeit der Serveranfrage,<br \/>\nder benutzte Browsertyp und die Browserversion<br \/>\ndas verwendetes Betriebssystem<br \/>\nReferrer URL, die HTTP-Adresse der Webseite, von der der Seitenaufruf ausgef\u00fchrt wurde<br \/>\ndie IP-Adresse des zugreifenden Rechners<br \/>\ndie \u00fcbertragenen Datenmenge<br \/>\nder Zugriffsstatus<\/p>\n<p>aufgezeichnet.<\/p>\n<p>Die IP-Adresse des zugreifenden Rechners wird automatisch anonymisiert und diese Daten sind damit bestimmten Personen nicht zuzuordnen. Eine Zusammenf\u00fchrung dieser Daten mit anderen Datenquellen wird nicht vorgenommen. Wir behalten uns vor, diese Daten nachtr\u00e4glich zu pr\u00fcfen, wenn uns konkrete Anhaltspunkte f\u00fcr eine rechtswidrige Nutzung bekannt werden. Die Daten bilden die Grundlage f\u00fcr die weitere statistische Auswertung der Webseitenbenutzung. Eine Weitergabe an Dritte findet nicht statt.<\/p>\n<p><strong>Externe Dienstanbieter<\/strong><br \/>\nGoogle Web Fonts<br \/>\nZur Darstellung von Schriften auf den Webseiten des Angebots werden Google Web Fonts verwendet, die auf externen Servern der Google LLC zur Verf\u00fcgung gestellt werden.<\/p>\n<p>Durch die Nutzung dieses Webangebots, erkl\u00e4rt sich der User mit der Bearbeitung der \u00fcber ihn erhobenen Daten durch Google, seiner Vertreter, oder Drittanbieter einverstanden. Ihre Daten werden ins Ausland \u00fcbertragen.<br \/>\nWeitere Informationen \u00fcber die oben angef\u00fchrten Dienste finden Sie in der Datenschutzerkl\u00e4rung von Google: <a href=\"https:\/\/policies.google.com\/privacy?hl=de\" target=\"_blank\" rel=\"noopener\">https:\/\/policies.google.com\/privacy?hl=de<\/a><\/p>\n<p>Google LLC<br \/>\n1600 Amphitheatre Parkway<br \/>\nMountain View, CA 94043<br \/>\nUSA<\/p>\n<p>YouTube<br \/>\nDiese Website nutzt Inhalte der von Google betriebenen Seite YouTube. Betreiber der Seiten ist die YouTube, LLC, 901 Cherry Ave., San Bruno, CA 94066, USA. Wenn Sie eine unserer mit einem YouTube-Video ausgestatteten Seiten besuchen, wird eine Verbindung zu den Servern von YouTube hergestellt. Dabei wird dem Youtube-Server mitgeteilt, welche unserer Seiten Sie besucht haben.<br \/>\nWenn Sie in Ihrem YouTube-Account eingeloggt sind erm\u00f6glichen Sie YouTube, Ihr Surfverhalten direkt Ihrem pers\u00f6nlichen Profil zuzuordnen. Dies k\u00f6nnen Sie verhindern, indem Sie sich aus Ihrem YouTube- Account ausloggen.<br \/>\nWeitere Informationen zum Umgang von Nutzerdaten finden Sie in der Datenschutzerkl\u00e4rung von YouTube unter: <a href=\"https:\/\/www.google.de\/intl\/de\/policies\/privacy\" target=\"_blank\" rel=\"noopener\">https:\/\/www.google.de\/intl\/de\/policies\/privacy<\/a><\/p>\n<p><strong>Auskunft, L\u00f6schung, Sperrung<\/strong><br \/>\nSie haben jederzeit das Recht auf unentgeltliche Auskunft \u00fcber Ihre gespeicherten personenbezogenen Daten, deren Herkunft und Empf\u00e4nger und den Zweck der Datenverarbeitung sowie ein Recht auf Berichtigung, Sperrung oder L\u00f6schung dieser Daten. Hierzu sowie zu weiteren Fragen zum Thema personenbezogene Daten k\u00f6nnen Sie sich jederzeit unter der im Impressum angegebenen Adresse an uns wenden.<\/p>\n","protected":false},"excerpt":{"rendered":"<p>Die Nutzung unserer Webseite ist in der Regel ohne Angabe personenbezogener Daten m\u00f6glich. Soweit auf unseren Seiten personenbezogene Daten (beispielsweise Name, Anschrift oder eMail-Adressen) erhoben werden, erfolgt dies stets auf freiwilliger Basis. Diese Daten werden ohne Ihre ausdr\u00fcckliche Zustimmung nicht an Dritte weitergegeben. Wir weisen darauf hin, dass die Daten\u00fcbertragung im Internet (z.B. bei der [&hellip;]<\/p>\n","protected":false},"author":1,"featured_media":0,"parent":0,"menu_order":0,"comment_status":"closed","ping_status":"closed","template":"","meta":{"ngg_post_thumbnail":0,"footnotes":""},"_links":{"self":[{"href":"https:\/\/www.jazzfazz-bigband.de\/index.php?rest_route=\/wp\/v2\/pages\/837"}],"collection":[{"href":"https:\/\/www.jazzfazz-bigband.de\/index.php?rest_route=\/wp\/v2\/pages"}],"about":[{"href":"https:\/\/www.jazzfazz-bigband.de\/index.php?rest_route=\/wp\/v2\/types\/page"}],"author":[{"embeddable":true,"href":"https:\/\/www.jazzfazz-bigband.de\/index.php?rest_route=\/wp\/v2\/users\/1"}],"replies":[{"embeddable":true,"href":"https:\/\/www.jazzfazz-bigband.de\/index.php?rest_route=%2Fwp%2Fv2%2Fcomments&post=837"}],"version-history":[{"count":11,"href":"https:\/\/www.jazzfazz-bigband.de\/index.php?rest_route=\/wp\/v2\/pages\/837\/revisions"}],"predecessor-version":[{"id":857,"href":"https:\/\/www.jazzfazz-bigband.de\/index.php?rest_route=\/wp\/v2\/pages\/837\/revisions\/857"}],"wp:attachment":[{"href":"https:\/\/www.jazzfazz-bigband.de\/index.php?rest_route=%2Fwp%2Fv2%2Fmedia&parent=837"}],"curies":[{"name":"wp","href":"https:\/\/api.w.org\/{rel}","templated":true}]}}