{"id":34,"date":"2014-08-11T14:40:49","date_gmt":"2014-08-11T12:40:49","guid":{"rendered":"http:\/\/jazzfazz.tuareg.de\/?page_id=34"},"modified":"2025-02-20T12:50:33","modified_gmt":"2025-02-20T10:50:33","slug":"impressum","status":"publish","type":"page","link":"https:\/\/www.jazzfazz-bigband.de\/?page_id=34","title":{"rendered":"Impressum"},"content":{"rendered":"<p>Angaben gem\u00e4\u00df \u00a75 DDG:<br \/>\nAndreas Ruhnke<br \/>\nAm Roland 9<br \/>\n58675 Hemer<br \/>\nTel. (0 23 72) 55 66 47<br \/>\nMobil (0175) 24 03 117<br \/>\nandreas.ruhnke@online.de<\/p>\n<p>Haftungsausschluss<br \/>\nDie Jazz Fazz Big Band \u00fcbernimmt keine Gew\u00e4hr f\u00fcr die Aktualit\u00e4t, Richtigkeit und Vollst\u00e4ndigkeit der Informationen auf diesen Seiten oder den jederzeitigen st\u00f6rungsfreien Zugang. Wenn wir auf Internetseiten Dritter verweisen (Links), \u00fcbernehmen wir keine Verantwortung f\u00fcr die Inhalte der verlinkten Seiten. Mit dem Bet\u00e4tigen des Verweises verlassen Sie das Informationsangebot der Jazz Fazz Big Band. F\u00fcr die Angebote Dritter k\u00f6nnen daher abweichende Regelungen gelten, insbesondere hinsichtlich des Datenschutzes. Weiterhin schlie\u00dfen wir die Haftung bei Serviceleistungen, insbesondere beim Download von zur Verf\u00fcgung gestellten Dateien auf unseren Internetseiten, f\u00fcr leicht fahrl\u00e4ssige Pflichtverletzungen aus.<\/p>\n<p>Copyright<br \/>\nS\u00e4mtliche Texte, Bilder und andere auf der Internetseite ver\u00f6ffentlichten Werke unterliegen &#8211; sofern nicht anders gekennzeichnet &#8211; dem Copyright der Jazz Fazz Big Band, Iserlohn. Jede Vervielf\u00e4ltigung, Verbreitung, Speicherung, \u00dcbermittlung, Sendung und Wieder- bzw. Weitergabe der Inhalte ist ohne unsere schriftliche Genehmigung ausdr\u00fccklich untersagt.<\/p>\n","protected":false},"excerpt":{"rendered":"<p>Angaben gem\u00e4\u00df \u00a75 DDG: Andreas Ruhnke Am Roland 9 58675 Hemer Tel. (0 23 72) 55 66 47 Mobil (0175) 24 03 117 andreas.ruhnke@online.de Haftungsausschluss Die Jazz Fazz Big Band \u00fcbernimmt keine Gew\u00e4hr f\u00fcr die Aktualit\u00e4t, Richtigkeit und Vollst\u00e4ndigkeit der Informationen auf diesen Seiten oder den jederzeitigen st\u00f6rungsfreien Zugang. Wenn wir auf Internetseiten Dritter verweisen [&hellip;]<\/p>\n","protected":false},"author":1,"featured_media":0,"parent":0,"menu_order":0,"comment_status":"closed","ping_status":"closed","template":"","meta":{"ngg_post_thumbnail":0,"footnotes":""},"_links":{"self":[{"href":"https:\/\/www.jazzfazz-bigband.de\/index.php?rest_route=\/wp\/v2\/pages\/34"}],"collection":[{"href":"https:\/\/www.jazzfazz-bigband.de\/index.php?rest_route=\/wp\/v2\/pages"}],"about":[{"href":"https:\/\/www.jazzfazz-bigband.de\/index.php?rest_route=\/wp\/v2\/types\/page"}],"author":[{"embeddable":true,"href":"https:\/\/www.jazzfazz-bigband.de\/index.php?rest_route=\/wp\/v2\/users\/1"}],"replies":[{"embeddable":true,"href":"https:\/\/www.jazzfazz-bigband.de\/index.php?rest_route=%2Fwp%2Fv2%2Fcomments&post=34"}],"version-history":[{"count":8,"href":"https:\/\/www.jazzfazz-bigband.de\/index.php?rest_route=\/wp\/v2\/pages\/34\/revisions"}],"predecessor-version":[{"id":994,"href":"https:\/\/www.jazzfazz-bigband.de\/index.php?rest_route=\/wp\/v2\/pages\/34\/revisions\/994"}],"wp:attachment":[{"href":"https:\/\/www.jazzfazz-bigband.de\/index.php?rest_route=%2Fwp%2Fv2%2Fmedia&parent=34"}],"curies":[{"name":"wp","href":"https:\/\/api.w.org\/{rel}","templated":true}]}}