{"id":246,"date":"2014-09-01T11:54:55","date_gmt":"2014-09-01T09:54:55","guid":{"rendered":"http:\/\/jazzfazz.tuareg.de\/?page_id=246"},"modified":"2015-03-02T14:56:36","modified_gmt":"2015-03-02T12:56:36","slug":"tecrider","status":"publish","type":"page","link":"https:\/\/www.jazzfazz-bigband.de\/?page_id=246","title":{"rendered":"TecRider"},"content":{"rendered":"<p><strong>Jazz Fazz Big Band<br \/>\n<\/strong><\/p>\n<p>Hier ein Aufbaubeispiel bei gro\u00dfen B\u00fchnen<em><br \/>\n<\/em><\/p>\n<p>mind. 6 x 8 m+ Podestaufbau,<\/p>\n<p>Drumset, <strong>kein<\/strong> Drumpodest<\/p>\n<p>bei den Posaunen kurze Podestf\u00fc\u00dfe<\/p>\n<p>bei den Trompeten ca. 40cm F\u00fc\u00dfe<\/p>\n<p>2 Monitore f\u00fcr die S\u00e4nger vorn<\/p>\n<p>f\u00fcr die Band Sidefillboxen auf St\u00e4ndern, wenn m\u00f6glich<\/p>\n<p>TecRider<\/p>\n\n<p>Das ist unser Techrider f\u00fcr gro\u00dfe B\u00fchnen mit Podesten.<\/p>\n<p>&nbsp;<\/p>\n","protected":false},"excerpt":{"rendered":"<p>Jazz Fazz Big Band Hier ein Aufbaubeispiel bei gro\u00dfen B\u00fchnen mind. 6 x 8 m+ Podestaufbau, Drumset, kein Drumpodest bei den Posaunen kurze Podestf\u00fc\u00dfe bei den Trompeten ca. 40cm F\u00fc\u00dfe 2 Monitore f\u00fcr die S\u00e4nger vorn f\u00fcr die Band Sidefillboxen auf St\u00e4ndern, wenn m\u00f6glich TecRider Das ist unser Techrider f\u00fcr gro\u00dfe B\u00fchnen mit Podesten. &nbsp;<\/p>\n","protected":false},"author":1,"featured_media":0,"parent":0,"menu_order":0,"comment_status":"closed","ping_status":"closed","template":"","meta":{"ngg_post_thumbnail":0,"footnotes":""},"_links":{"self":[{"href":"https:\/\/www.jazzfazz-bigband.de\/index.php?rest_route=\/wp\/v2\/pages\/246"}],"collection":[{"href":"https:\/\/www.jazzfazz-bigband.de\/index.php?rest_route=\/wp\/v2\/pages"}],"about":[{"href":"https:\/\/www.jazzfazz-bigband.de\/index.php?rest_route=\/wp\/v2\/types\/page"}],"author":[{"embeddable":true,"href":"https:\/\/www.jazzfazz-bigband.de\/index.php?rest_route=\/wp\/v2\/users\/1"}],"replies":[{"embeddable":true,"href":"https:\/\/www.jazzfazz-bigband.de\/index.php?rest_route=%2Fwp%2Fv2%2Fcomments&post=246"}],"version-history":[{"count":18,"href":"https:\/\/www.jazzfazz-bigband.de\/index.php?rest_route=\/wp\/v2\/pages\/246\/revisions"}],"predecessor-version":[{"id":552,"href":"https:\/\/www.jazzfazz-bigband.de\/index.php?rest_route=\/wp\/v2\/pages\/246\/revisions\/552"}],"wp:attachment":[{"href":"https:\/\/www.jazzfazz-bigband.de\/index.php?rest_route=%2Fwp%2Fv2%2Fmedia&parent=246"}],"curies":[{"name":"wp","href":"https:\/\/api.w.org\/{rel}","templated":true}]}}