{"id":107,"date":"2014-08-11T15:07:42","date_gmt":"2014-08-11T13:07:42","guid":{"rendered":"http:\/\/jazzfazz.tuareg.de\/?page_id=107"},"modified":"2024-01-23T18:42:09","modified_gmt":"2024-01-23T16:42:09","slug":"band","status":"publish","type":"page","link":"https:\/\/www.jazzfazz-bigband.de\/?page_id=107","title":{"rendered":"Bandinfo"},"content":{"rendered":"<h1><strong>25 Jahre Jazz Fazz Big Band<\/strong><\/h1>\n<p><strong>Die Musik im Blut<\/strong><\/p>\n<p>Seit \u00fcber 25 Jahren macht sich die Jazz Fazz Big Band mit ihrem gro\u00dfen, abwechslungsreichen Programm Freunde und hinterl\u00e4sst ihre musikalischen Spuren im M\u00e4rkischen Kreis und dar\u00fcber hinaus. Ins Leben gerufen wurde die Big Band vom Musiker Andreas Ruhnke, um die Musiklandschaft im M\u00e4rkischen Kreis zu bereichern und um die herrlichen Musiken der Big Bands von damals und heute zu pflegen.Ob beim umjubelten Auftritt im Dortmunder &#8218;Storckshof\u2019, dem Mekka der Swing Enthusiasten, beim Hemeraner Jazzfr\u00fchling oder den Herbsttagen, der Landesgartenschau 2010, den Landpartien in Balve 2012-2016, Mendener Sommer, beim Big Band Festival in Dortmund oder Tanzveranstaltungen der Lindypott Community in Dortmund, Witten und K\u00f6ln, auf dem Arnsberger D\u00e4mmerschoppen, Jazzmatinee in den Flottmannhallen in Herne, in Jazzclubs von L\u00fcdenscheid bis M\u00fclheim, oder beim Tanzpalast im Dortmunder Spiegelzelt 2010 &#8211; 2013, und nat\u00fcrlich die Tanz in den Mai &#8211; Veranstaltungen im Sauerlandpark in Hemer 2013-18, Grugapark und Menden a la Carte 2018, und beim Sauerlandhop in Brilon in 2022 und 2023, \u00fcberall begeistert die Jazz Fazz Big Band unter der Leitung von Musiklehrer und Profimusiker Andreas Ruhnke (Dortmunder Geierabend) sein Publikum.<\/p>\n<p>Die Jazz Fazz Big Band verf\u00fcgt \u00fcber ein komplett tanzbares Musikrepertoire.<\/p>\n<p>Schwerpunkt sind Swingt\u00e4nze wie Jive, Foxtrott, Boogie Woogie, Lindy Hop und Rock\u2019n Roll, wie sie von der gro\u00dfen Bands eines Glen Miller, Artie Shaw, Jimmy Lunceford u.a. bekannt gemacht wurden.<\/p>\n<p>F\u00fcr die Latin Dancer sind Cha Cha Cha\u2019s, Bossa Nova, Rumba, Mambo und Salsa St\u00fccke im Programm. Und nat\u00fcrlich darf der unsterbliche Walzer (z.B. Moon River oder Wiener Blut) im Repertoire nicht fehlen.<\/p>\n<p>Viele weltbekannte Swingnummern von Dean Martin, Bobby Darin, Louis Prima (Buona Sera), Peggy Lee (My heart belongs to daddy) und vielen anderen Gr\u00f6\u00dfen bestimmen das Programm der Jazz Fazz Big Band, das von Swing und Jive \u00fcber Latin bis Soul, Blues und R &#8217;n&#8216; B reicht.<\/p>\n<p>Auch moderne Swingarrangements von z.B. Michael Buble und Paul Anka sowie deutsche Swingschlager der 50er Jahre (z.B. Krimi Mimi, Souvenirs, Zuckerpuppe) garnieren das charmant moderierte Musikprogramm, welches mit Gesang und Top-Solisten dargeboten wird. Jazz Fazz liebt mehrstimmigen Frauengesang und pr\u00e4sentiert diesen in einigen bekannten St\u00fccken , z.B. in \u201eBei mir bist du schoen\u201c von den Andrew Sisters oder im \u201eShoop Shoop Song\u201c von Cher oder dem Klassiker &#8218;Goody Goody&#8216;.<\/p>\n<p>Auch ein R \u2019n\u2019 B\/Soul Block mit Hits von James Brown (I feel good), Aretha Franklin, Bluesbrothers etc. hat Jazz Fazz mit im Musikgep\u00e4ck.<\/p>\n<p>Bereichert mit Highlights der Latin-Pop-Musik mit Titeln von JLo, den Pussycat Dolls (Sway) und Tito Puente u.a. erwartet den geneigten Big Band Freund und T\u00e4nzer ein ausgewogenes, facettensreiches, temperamentvolles Big Band Tanz-Programm.<\/p>\n<p>Unterst\u00fctzt wird die Big Band seit Jahren von der bekannten Jazz- und Souls\u00e4ngerin Bettina Szelag aus Herne. Die Big Band setzt sich aus Musikern aus Hemer, Iserlohn, Menden und Dortmund zusammen.<\/p>\n<p>Jazz Fazz Big Band sind:<\/p>\n<p><span style=\"color: #993300;\">Leitung, Gesang, Perc.:<\/span> Andreas Ruhnke<\/p>\n<p><span style=\"color: #993300;\">Gesang:<\/span> Bettina Szelag, Chor: Maja K\u00f6ster, Anja Schneider<\/p>\n<p><span style=\"color: #993300;\">Saxophone:<\/span> Alexander Schwartze,&nbsp; Anja Schneider, Stephan Lash\u00f6fer,<\/p>\n<p>Thomas Moselewski, Maja K\u00f6ster<\/p>\n<p><span style=\"color: #993300;\">Posaunen:<\/span> Steffen Hanschke, Rolf Becker, Kunibert Latos<\/p>\n<p><span style=\"color: #993300;\">Trompeten:<\/span> Hans &#8211; Martin Schnittker, Klaus Heimann, Kerstin Pielken<\/p>\n<p><span style=\"color: #993300;\">Piano:<\/span> Tim K\u00f6ster, <span style=\"color: #993300;\">Gitarre:<\/span> Christian Fricke, Dietmar Sarg,&nbsp;<\/p>\n<p><span style=\"color: #993300;\">Bass:<\/span> Roman Galonska, <span style=\"color: #993300;\">Schlagzeug:<\/span> Martin Siehoff, Benny Mokross<\/p>\n<p><strong>e-mail: <a href=\"mailto:Andreas.Ruhnke@online.de\">Andreas.Ruhnke@online.de<\/a>, mobil-tel : 0175\/2403117<\/strong><\/p>\n<p><strong>Internet: <a href=\"https:\/\/www.jazzfazz-bigband.de\/\">www.jazzfazz-bigband.de<\/a><\/strong><\/p>\n<p><strong>You tube Link: aufgenommen im Spiegelzelt in Dortmund 2013<\/strong><\/p>\n<p><strong><a href=\"http:\/\/www.facebook.com\/l\/2AQFTauGOAQEByqIUGQCcdwlmce_x53n4tihVYJgg1awd_A\/www.youtube.com\/watch?v=mHsuYQIezSk\">http:\/\/www.youtube.com\/watch?v=mHsuYQIezSk<\/a><\/strong><\/p>\n<p>&nbsp;<\/p>\n","protected":false},"excerpt":{"rendered":"<p>25 Jahre Jazz Fazz Big Band Die Musik im Blut Seit \u00fcber 25 Jahren macht sich die Jazz Fazz Big Band mit ihrem gro\u00dfen, abwechslungsreichen Programm Freunde und hinterl\u00e4sst ihre musikalischen Spuren im M\u00e4rkischen Kreis und dar\u00fcber hinaus. Ins Leben gerufen wurde die Big Band vom Musiker Andreas Ruhnke, um die Musiklandschaft im M\u00e4rkischen Kreis [&hellip;]<\/p>\n","protected":false},"author":1,"featured_media":232,"parent":0,"menu_order":0,"comment_status":"closed","ping_status":"closed","template":"","meta":{"ngg_post_thumbnail":0,"footnotes":""},"_links":{"self":[{"href":"https:\/\/www.jazzfazz-bigband.de\/index.php?rest_route=\/wp\/v2\/pages\/107"}],"collection":[{"href":"https:\/\/www.jazzfazz-bigband.de\/index.php?rest_route=\/wp\/v2\/pages"}],"about":[{"href":"https:\/\/www.jazzfazz-bigband.de\/index.php?rest_route=\/wp\/v2\/types\/page"}],"author":[{"embeddable":true,"href":"https:\/\/www.jazzfazz-bigband.de\/index.php?rest_route=\/wp\/v2\/users\/1"}],"replies":[{"embeddable":true,"href":"https:\/\/www.jazzfazz-bigband.de\/index.php?rest_route=%2Fwp%2Fv2%2Fcomments&post=107"}],"version-history":[{"count":20,"href":"https:\/\/www.jazzfazz-bigband.de\/index.php?rest_route=\/wp\/v2\/pages\/107\/revisions"}],"predecessor-version":[{"id":976,"href":"https:\/\/www.jazzfazz-bigband.de\/index.php?rest_route=\/wp\/v2\/pages\/107\/revisions\/976"}],"wp:featuredmedia":[{"embeddable":true,"href":"https:\/\/www.jazzfazz-bigband.de\/index.php?rest_route=\/wp\/v2\/media\/232"}],"wp:attachment":[{"href":"https:\/\/www.jazzfazz-bigband.de\/index.php?rest_route=%2Fwp%2Fv2%2Fmedia&parent=107"}],"curies":[{"name":"wp","href":"https:\/\/api.w.org\/{rel}","templated":true}]}}